{"id":25,"date":"2026-05-04T09:35:42","date_gmt":"2026-05-04T09:35:42","guid":{"rendered":"https:\/\/proyectovero.incliva.es\/?page_id=25"},"modified":"2026-05-05T14:12:38","modified_gmt":"2026-05-05T14:12:38","slug":"equipo","status":"publish","type":"page","link":"https:\/\/proyectovero.incliva.es\/?page_id=25","title":{"rendered":"Equipo"},"content":{"rendered":"\t\t<div data-elementor-type=\"wp-page\" data-elementor-id=\"25\" class=\"elementor elementor-25\" data-elementor-post-type=\"page\">\n\t\t\t\t\t\t<div class=\"elementor-element elementor-element-13a4ca4 e-con e-atomic-element e-flexbox-base e-13a4ca4-cb89194\" data-id=\"13a4ca4\" data-element_type=\"e-flexbox\" data-e-type=\"e-flexbox\" data-interaction-id=\"13a4ca4\" data-e-type=\"e-flexbox\" data-id=\"13a4ca4\">\n\t\t\t\t\t\t\t<div class=\"elementor-element elementor-element-1fkguak e-con e-atomic-element e-div-block-base cabecera-pag\" data-id=\"1fkguak\" data-element_type=\"e-div-block\" data-e-type=\"e-div-block\" data-interaction-id=\"4b2e90d\" data-e-type=\"e-div-block\" data-id=\"1fkguak\">\n\t\t\t\t<div class=\"elementor-element elementor-element-10qmleu e-con e-atomic-element e-flexbox-base e-0c2b9f9-27d319c\" data-id=\"10qmleu\" data-element_type=\"e-flexbox\" data-e-type=\"e-flexbox\" data-interaction-id=\"0c2b9f9\" data-e-type=\"e-flexbox\" data-id=\"10qmleu\">\n\t\t\t\t<div class=\"elementor-element elementor-element-0hq5pc9 e-con e-atomic-element e-div-block-base e-0b1fec3-65deb7a\" data-id=\"0hq5pc9\" data-element_type=\"e-div-block\" data-e-type=\"e-div-block\" data-interaction-id=\"0b1fec3\" data-e-type=\"e-div-block\" data-id=\"0hq5pc9\">\n\t\t\t\t\t\t\t<h2 \n\t\tdata-interaction-id=\"c05402d\" \n\t\tclass=\"heading-black e-c05402d-2e9da12 e-heading-base\" \n\t\t \n\t\tdata-e-type=\"widget\" data-id=\"0xm60g2\"\n\t>\n\t\n\t\t\tInvestigaci\u00f3n Oncol\u00f3gica Avanzada\n\t\t<\/h2>\n\t\t\t\t\t\t\t\t<p class=\"paragraph e-50bdc80-ef456ea e-paragraph-base\" data-interaction-id=\"50bdc80\"  data-e-type=\"widget\" data-id=\"00m1ahq\">\n\t\t\t\t\t\t\t\tEl Proyecto VERO es una iniciativa colaborativa que re\u00fane a un amplio grupo de especialistas en oncolog\u00eda, patolog\u00eda, biolog\u00eda molecular, microbioma, inmunolog\u00eda, epidemiolog\u00eda y an\u00e1lisis bioinform\u00e1tico. La fortaleza del proyecto reside en su enfoque multidisciplinar y en la participaci\u00f3n de numerosos centros hospitalarios de referencia en Espa\u00f1a y colaboradores internacionales.\n\t\t\t\t\t<\/p>\n\t\t\t\t<\/div>\n\t\t\t\t\t\t\t\n\t\t\t<img class=\"e-image-base e-adc43ed-0ac804c\" \n\t\t\t\t\tdata-interaction-id=\"adc43ed\" \n\t\t \n\t\t data-e-type=\"widget\" data-id=\"1se5655\"\n\t\t\t\t\t\t\t\t\tid=\"257\"\n\t\t\t\t\t\t\t\t\t\t\t\tsrc=\"https:\/\/proyectovero.incliva.es\/wp-content\/uploads\/2026\/05\/personas-copia.webp\"\n\t\t\t\t\t\t\t\t\t\t\t\twidth=\"1136\"\n\t\t\t\t\t\t\t\t\t\t\t\theight=\"784\"\n\t\t\t\t\t\t\t\t\t\t\t\tsrcset=\"https:\/\/proyectovero.incliva.es\/wp-content\/uploads\/2026\/05\/personas-copia.webp 1136w, https:\/\/proyectovero.incliva.es\/wp-content\/uploads\/2026\/05\/personas-copia-300x207.webp 300w, https:\/\/proyectovero.incliva.es\/wp-content\/uploads\/2026\/05\/personas-copia-1024x707.webp 1024w, https:\/\/proyectovero.incliva.es\/wp-content\/uploads\/2026\/05\/personas-copia-768x530.webp 768w\"\n\t\t\t\t\t\t\t\t\t\t\t\talt=\"\"\n\t\t\t\t\t\t\/>\n\t\t\t\t\t<\/div>\n\t\t\t\t<\/div>\n\t\t\n\t\t\t\t<\/div>\n\t\t\t\t<\/div>\n\t\t","protected":false},"excerpt":{"rendered":"<p>Investigaci\u00f3n Oncol\u00f3gica Avanzada El c\u00e1ncer g\u00e1strico se origina en el revestimiento del est\u00f3mago y es la quinta causa de muerte por c\u00e1ncer en el mundo. Aunque su incidencia global ha disminuido, en personas menores de 50 a\u00f1os est\u00e1 aumentando en ciertos pa\u00edses, y uno de los objetivos de esta propuesta es entender c\u00f3mo es esa [&hellip;]<\/p>\n","protected":false},"author":2,"featured_media":0,"parent":0,"menu_order":0,"comment_status":"closed","ping_status":"closed","template":"elementor_header_footer","meta":{"footnotes":""},"class_list":["post-25","page","type-page","status-publish","hentry"],"_links":{"self":[{"href":"https:\/\/proyectovero.incliva.es\/index.php?rest_route=\/wp\/v2\/pages\/25","targetHints":{"allow":["GET"]}}],"collection":[{"href":"https:\/\/proyectovero.incliva.es\/index.php?rest_route=\/wp\/v2\/pages"}],"about":[{"href":"https:\/\/proyectovero.incliva.es\/index.php?rest_route=\/wp\/v2\/types\/page"}],"author":[{"embeddable":true,"href":"https:\/\/proyectovero.incliva.es\/index.php?rest_route=\/wp\/v2\/users\/2"}],"replies":[{"embeddable":true,"href":"https:\/\/proyectovero.incliva.es\/index.php?rest_route=%2Fwp%2Fv2%2Fcomments&post=25"}],"version-history":[{"count":4,"href":"https:\/\/proyectovero.incliva.es\/index.php?rest_route=\/wp\/v2\/pages\/25\/revisions"}],"predecessor-version":[{"id":293,"href":"https:\/\/proyectovero.incliva.es\/index.php?rest_route=\/wp\/v2\/pages\/25\/revisions\/293"}],"wp:attachment":[{"href":"https:\/\/proyectovero.incliva.es\/index.php?rest_route=%2Fwp%2Fv2%2Fmedia&parent=25"}],"curies":[{"name":"wp","href":"https:\/\/api.w.org\/{rel}","templated":true}]}}