{"id":23,"date":"2026-05-04T09:35:29","date_gmt":"2026-05-04T09:35:29","guid":{"rendered":"https:\/\/proyectovero.incliva.es\/?page_id=23"},"modified":"2026-05-05T14:12:00","modified_gmt":"2026-05-05T14:12:00","slug":"publicaciones","status":"publish","type":"page","link":"https:\/\/proyectovero.incliva.es\/?page_id=23","title":{"rendered":"Publicaciones"},"content":{"rendered":"\t\t<div data-elementor-type=\"wp-page\" data-elementor-id=\"23\" class=\"elementor elementor-23\" data-elementor-post-type=\"page\">\n\t\t\t\t\t\t<div class=\"elementor-element elementor-element-d238b8e e-con e-atomic-element e-flexbox-base e-d238b8e-7d3cfe5\" data-id=\"d238b8e\" data-element_type=\"e-flexbox\" data-e-type=\"e-flexbox\" data-interaction-id=\"d238b8e\" data-e-type=\"e-flexbox\" data-id=\"d238b8e\">\n\t\t\t\t\t\t\t<div class=\"elementor-element elementor-element-15pw1es e-con e-atomic-element e-div-block-base cabecera-pag\" data-id=\"15pw1es\" data-element_type=\"e-div-block\" data-e-type=\"e-div-block\" data-interaction-id=\"4b2e90d\" data-e-type=\"e-div-block\" data-id=\"15pw1es\">\n\t\t\t\t<div class=\"elementor-element elementor-element-1ug9ivy e-con e-atomic-element e-flexbox-base e-0c2b9f9-27d319c\" data-id=\"1ug9ivy\" data-element_type=\"e-flexbox\" data-e-type=\"e-flexbox\" data-interaction-id=\"0c2b9f9\" data-e-type=\"e-flexbox\" data-id=\"1ug9ivy\">\n\t\t\t\t<div class=\"elementor-element elementor-element-1c1k6k1 e-con e-atomic-element e-div-block-base e-0b1fec3-65deb7a\" data-id=\"1c1k6k1\" data-element_type=\"e-div-block\" data-e-type=\"e-div-block\" data-interaction-id=\"0b1fec3\" data-e-type=\"e-div-block\" data-id=\"1c1k6k1\">\n\t\t\t\t\t\t\t<h2 \n\t\tdata-interaction-id=\"c05402d\" \n\t\tclass=\"heading-black e-c05402d-2e9da12 e-heading-base\" \n\t\t \n\t\tdata-e-type=\"widget\" data-id=\"05te856\"\n\t>\n\t\n\t\t\tInvestigaci\u00f3n Oncol\u00f3gica Avanzada\n\t\t<\/h2>\n\t\t\t\t\t\t\t\t<p class=\"paragraph e-50bdc80-ef456ea e-paragraph-base\" data-interaction-id=\"50bdc80\"  data-e-type=\"widget\" data-id=\"0eb9jxi\">\n\t\t\t\t\t\t\t\tRelaci\u00f3n de publicaciones cient\u00edficas vinculadas al proyecto.\n\t\t\t\t\t<\/p>\n\t\t\t\t<\/div>\n\t\t\t\t\t\t\t\n\t\t\t<img class=\"e-image-base e-adc43ed-0ac804c\" \n\t\t\t\t\tdata-interaction-id=\"adc43ed\" \n\t\t \n\t\t data-e-type=\"widget\" data-id=\"02juh5t\"\n\t\t\t\t\t\t\t\t\tid=\"256\"\n\t\t\t\t\t\t\t\t\t\t\t\tsrc=\"https:\/\/proyectovero.incliva.es\/wp-content\/uploads\/2026\/05\/personas-copia1.webp\"\n\t\t\t\t\t\t\t\t\t\t\t\twidth=\"800\"\n\t\t\t\t\t\t\t\t\t\t\t\theight=\"1056\"\n\t\t\t\t\t\t\t\t\t\t\t\tsrcset=\"https:\/\/proyectovero.incliva.es\/wp-content\/uploads\/2026\/05\/personas-copia1.webp 800w, https:\/\/proyectovero.incliva.es\/wp-content\/uploads\/2026\/05\/personas-copia1-227x300.webp 227w, https:\/\/proyectovero.incliva.es\/wp-content\/uploads\/2026\/05\/personas-copia1-776x1024.webp 776w, https:\/\/proyectovero.incliva.es\/wp-content\/uploads\/2026\/05\/personas-copia1-768x1014.webp 768w\"\n\t\t\t\t\t\t\t\t\t\t\t\talt=\"\"\n\t\t\t\t\t\t\/>\n\t\t\t\t\t<\/div>\n\t\t\t\t<\/div>\n\t\t\n\t\t\t\t<\/div>\n\t\t\t\t<\/div>\n\t\t","protected":false},"excerpt":{"rendered":"<p>Investigaci\u00f3n Oncol\u00f3gica Avanzada El c\u00e1ncer g\u00e1strico se origina en el revestimiento del est\u00f3mago y es la quinta causa de muerte por c\u00e1ncer en el mundo. Aunque su incidencia global ha disminuido, en personas menores de 50 a\u00f1os est\u00e1 aumentando en ciertos pa\u00edses, y uno de los objetivos de esta propuesta es entender c\u00f3mo es esa [&hellip;]<\/p>\n","protected":false},"author":2,"featured_media":0,"parent":0,"menu_order":0,"comment_status":"closed","ping_status":"closed","template":"elementor_header_footer","meta":{"footnotes":""},"class_list":["post-23","page","type-page","status-publish","hentry"],"_links":{"self":[{"href":"https:\/\/proyectovero.incliva.es\/index.php?rest_route=\/wp\/v2\/pages\/23","targetHints":{"allow":["GET"]}}],"collection":[{"href":"https:\/\/proyectovero.incliva.es\/index.php?rest_route=\/wp\/v2\/pages"}],"about":[{"href":"https:\/\/proyectovero.incliva.es\/index.php?rest_route=\/wp\/v2\/types\/page"}],"author":[{"embeddable":true,"href":"https:\/\/proyectovero.incliva.es\/index.php?rest_route=\/wp\/v2\/users\/2"}],"replies":[{"embeddable":true,"href":"https:\/\/proyectovero.incliva.es\/index.php?rest_route=%2Fwp%2Fv2%2Fcomments&post=23"}],"version-history":[{"count":4,"href":"https:\/\/proyectovero.incliva.es\/index.php?rest_route=\/wp\/v2\/pages\/23\/revisions"}],"predecessor-version":[{"id":287,"href":"https:\/\/proyectovero.incliva.es\/index.php?rest_route=\/wp\/v2\/pages\/23\/revisions\/287"}],"wp:attachment":[{"href":"https:\/\/proyectovero.incliva.es\/index.php?rest_route=%2Fwp%2Fv2%2Fmedia&parent=23"}],"curies":[{"name":"wp","href":"https:\/\/api.w.org\/{rel}","templated":true}]}}