{"id":22,"date":"2026-05-04T09:35:21","date_gmt":"2026-05-04T09:35:21","guid":{"rendered":"https:\/\/proyectovero.incliva.es\/?page_id=22"},"modified":"2026-05-05T14:07:53","modified_gmt":"2026-05-05T14:07:53","slug":"colabora","status":"publish","type":"page","link":"https:\/\/proyectovero.incliva.es\/?page_id=22","title":{"rendered":"Colabora"},"content":{"rendered":"\t\t<div data-elementor-type=\"wp-page\" data-elementor-id=\"22\" class=\"elementor elementor-22\" data-elementor-post-type=\"page\">\n\t\t\t\t\t\t<div class=\"elementor-element elementor-element-cf54e01 e-con e-atomic-element e-flexbox-base e-cf54e01-6fd65f6\" data-id=\"cf54e01\" data-element_type=\"e-flexbox\" data-e-type=\"e-flexbox\" data-interaction-id=\"cf54e01\" data-e-type=\"e-flexbox\" data-id=\"cf54e01\">\n\t\t\t\t\t\t\t<div class=\"elementor-element elementor-element-1qt7o90 e-con e-atomic-element e-div-block-base cabecera-pag\" data-id=\"1qt7o90\" data-element_type=\"e-div-block\" data-e-type=\"e-div-block\" data-interaction-id=\"4b2e90d\" data-e-type=\"e-div-block\" data-id=\"1qt7o90\">\n\t\t\t\t<div class=\"elementor-element elementor-element-1db5bni e-con e-atomic-element e-flexbox-base e-0c2b9f9-27d319c\" data-id=\"1db5bni\" data-element_type=\"e-flexbox\" data-e-type=\"e-flexbox\" data-interaction-id=\"0c2b9f9\" data-e-type=\"e-flexbox\" data-id=\"1db5bni\">\n\t\t\t\t<div class=\"elementor-element elementor-element-1wlp74h e-con e-atomic-element e-div-block-base e-0b1fec3-65deb7a\" data-id=\"1wlp74h\" data-element_type=\"e-div-block\" data-e-type=\"e-div-block\" data-interaction-id=\"0b1fec3\" data-e-type=\"e-div-block\" data-id=\"1wlp74h\">\n\t\t\t\t\t\t\t<h2 \n\t\tdata-interaction-id=\"c05402d\" \n\t\tclass=\"heading-black e-c05402d-2e9da12 e-heading-base\" \n\t\t \n\t\tdata-e-type=\"widget\" data-id=\"0m99sm2\"\n\t>\n\t\n\t\t\tInvestigaci\u00f3n Oncol\u00f3gica Avanzada\n\t\t<\/h2>\n\t\t\t\t\t\t\t\t<p class=\"paragraph e-50bdc80-ef456ea e-paragraph-base\" data-interaction-id=\"50bdc80\"  data-e-type=\"widget\" data-id=\"0wtgux2\">\n\t\t\t\t\t\t\t\tEl Proyecto VERO es posible gracias a la colaboraci\u00f3n entre profesionales de la salud, instituciones cient\u00edficas, pacientes, familias y entidades financiadoras.\n\t\t\t\t\t<\/p>\n\t\t\t\t<\/div>\n\t\t\t\t\t\t\t\n\t\t\t<img class=\"e-image-base e-adc43ed-0ac804c\" \n\t\t\t\t\tdata-interaction-id=\"adc43ed\" \n\t\t \n\t\t data-e-type=\"widget\" data-id=\"1fz3mgx\"\n\t\t\t\t\t\t\t\t\tid=\"252\"\n\t\t\t\t\t\t\t\t\t\t\t\tsrc=\"https:\/\/proyectovero.incliva.es\/wp-content\/uploads\/2026\/05\/coop-copia.webp\"\n\t\t\t\t\t\t\t\t\t\t\t\twidth=\"1036\"\n\t\t\t\t\t\t\t\t\t\t\t\theight=\"796\"\n\t\t\t\t\t\t\t\t\t\t\t\tsrcset=\"https:\/\/proyectovero.incliva.es\/wp-content\/uploads\/2026\/05\/coop-copia.webp 1036w, https:\/\/proyectovero.incliva.es\/wp-content\/uploads\/2026\/05\/coop-copia-300x231.webp 300w, https:\/\/proyectovero.incliva.es\/wp-content\/uploads\/2026\/05\/coop-copia-1024x787.webp 1024w, https:\/\/proyectovero.incliva.es\/wp-content\/uploads\/2026\/05\/coop-copia-768x590.webp 768w\"\n\t\t\t\t\t\t\t\t\t\t\t\talt=\"\"\n\t\t\t\t\t\t\/>\n\t\t\t\t\t<\/div>\n\t\t\t\t<\/div>\n\t\t\n\t\t\t\t<\/div>\n\t\t<div class=\"elementor-element elementor-element-0e0ea31 e-flex e-con-boxed e-con e-parent\" data-id=\"0e0ea31\" data-element_type=\"container\" data-e-type=\"container\">\n\t\t\t\t\t<div class=\"e-con-inner\">\n\t\t\t\t\t\t\t<h2 \n\t\tdata-interaction-id=\"b9b81dd\" \n\t\tclass=\"hero-h1 e-b9b81dd-6efb79a e-heading-base\" \n\t\t \n\t\tdata-e-type=\"widget\" data-id=\"b9b81dd\"\n\t>\n\t\n\t\t\tPuedes colaborar de distintas formas:\n\t\t<\/h2>\n\t\t<div class=\"elementor-element elementor-element-ff437c0 e-grid e-con-full e-con e-child\" data-id=\"ff437c0\" data-element_type=\"container\" data-e-type=\"container\">\n\t\t\t\t<div class=\"elementor-element elementor-element-7ad870b elementor-position-top elementor-widget elementor-widget-image-box\" data-id=\"7ad870b\" data-element_type=\"widget\" data-e-type=\"widget\" data-widget_type=\"image-box.default\">\n\t\t\t\t\t<div class=\"elementor-image-box-wrapper\"><figure class=\"elementor-image-box-img\"><img fetchpriority=\"high\" decoding=\"async\" width=\"462\" height=\"293\" src=\"https:\/\/proyectovero.incliva.es\/wp-content\/uploads\/2026\/05\/Recurso-13@3x.webp\" class=\"attachment-full size-full wp-image-272\" alt=\"\" srcset=\"https:\/\/proyectovero.incliva.es\/wp-content\/uploads\/2026\/05\/Recurso-13@3x.webp 462w, https:\/\/proyectovero.incliva.es\/wp-content\/uploads\/2026\/05\/Recurso-13@3x-300x190.webp 300w\" sizes=\"(max-width: 462px) 100vw, 462px\" \/><\/figure><div class=\"elementor-image-box-content\"><h3 class=\"elementor-image-box-title\">Como paciente y familiar<\/h3><p class=\"elementor-image-box-description\">Participando en estudios, donando muestras o\nayudando a difundir informaci\u00f3n fiable sobre el c\u00e1ncer g\u00e1strico.<\/p><\/div><\/div>\t\t\t\t<\/div>\n\t\t\t\t<div class=\"elementor-element elementor-element-b149928 elementor-position-top elementor-widget elementor-widget-image-box\" data-id=\"b149928\" data-element_type=\"widget\" data-e-type=\"widget\" data-widget_type=\"image-box.default\">\n\t\t\t\t\t<div class=\"elementor-image-box-wrapper\"><figure class=\"elementor-image-box-img\"><img decoding=\"async\" width=\"462\" height=\"293\" src=\"https:\/\/proyectovero.incliva.es\/wp-content\/uploads\/2026\/05\/Recurso-14@3x.webp\" class=\"attachment-full size-full wp-image-273\" alt=\"\" srcset=\"https:\/\/proyectovero.incliva.es\/wp-content\/uploads\/2026\/05\/Recurso-14@3x.webp 462w, https:\/\/proyectovero.incliva.es\/wp-content\/uploads\/2026\/05\/Recurso-14@3x-300x190.webp 300w\" sizes=\"(max-width: 462px) 100vw, 462px\" \/><\/figure><div class=\"elementor-image-box-content\"><h3 class=\"elementor-image-box-title\">Como entidad o empresa<\/h3><p class=\"elementor-image-box-description\">Apoyando econ\u00f3micamente actividades cient\u00edficas, talleres educativos, ensayos o equipamiento.<\/p><\/div><\/div>\t\t\t\t<\/div>\n\t\t\t\t<div class=\"elementor-element elementor-element-e638d34 elementor-position-top elementor-widget elementor-widget-image-box\" data-id=\"e638d34\" data-element_type=\"widget\" data-e-type=\"widget\" data-widget_type=\"image-box.default\">\n\t\t\t\t\t<div class=\"elementor-image-box-wrapper\"><figure class=\"elementor-image-box-img\"><img decoding=\"async\" width=\"462\" height=\"293\" src=\"https:\/\/proyectovero.incliva.es\/wp-content\/uploads\/2026\/05\/Recurso-15@3x.webp\" class=\"attachment-full size-full wp-image-274\" alt=\"\" srcset=\"https:\/\/proyectovero.incliva.es\/wp-content\/uploads\/2026\/05\/Recurso-15@3x.webp 462w, https:\/\/proyectovero.incliva.es\/wp-content\/uploads\/2026\/05\/Recurso-15@3x-300x190.webp 300w\" sizes=\"(max-width: 462px) 100vw, 462px\" \/><\/figure><div class=\"elementor-image-box-content\"><h3 class=\"elementor-image-box-title\">Como ciudadan\u00eda<\/h3><p class=\"elementor-image-box-description\">Siguiendo y compartiendo nuestras campa\u00f1as de sensibilizaci\u00f3n sobre prevenci\u00f3n, factores de riesgo y detecci\u00f3n precoz.<\/p><\/div><\/div>\t\t\t\t<\/div>\n\t\t\t\t<\/div>\n\t\t<div class=\"elementor-element elementor-element-26a7dad e-grid e-con-full e-con e-child\" data-id=\"26a7dad\" data-element_type=\"container\" data-e-type=\"container\">\n\t\t\t\t<div class=\"elementor-element elementor-element-e558124 elementor-absolute elementor-widget elementor-widget-image\" data-id=\"e558124\" data-element_type=\"widget\" data-e-type=\"widget\" data-settings=\"{&quot;_position&quot;:&quot;absolute&quot;}\" data-widget_type=\"image.default\">\n\t\t\t\t\t\t\t\t\t\t\t\t\t\t\t<img loading=\"lazy\" decoding=\"async\" width=\"89\" height=\"90\" src=\"https:\/\/proyectovero.incliva.es\/wp-content\/uploads\/2026\/05\/unamicrobiota-copia.webp\" class=\"attachment-full size-full wp-image-260\" alt=\"\" \/>\t\t\t\t\t\t\t\t\t\t\t\t\t\t\t<\/div>\n\t\t\t\t<div class=\"elementor-element elementor-element-7209e7c elementor-absolute elementor-widget elementor-widget-image\" data-id=\"7209e7c\" data-element_type=\"widget\" data-e-type=\"widget\" data-settings=\"{&quot;_position&quot;:&quot;absolute&quot;}\" data-widget_type=\"image.default\">\n\t\t\t\t\t\t\t\t\t\t\t\t\t\t\t<img loading=\"lazy\" decoding=\"async\" width=\"89\" height=\"90\" src=\"https:\/\/proyectovero.incliva.es\/wp-content\/uploads\/2026\/05\/unamicrobiota-copia.webp\" class=\"attachment-full size-full wp-image-260\" alt=\"\" \/>\t\t\t\t\t\t\t\t\t\t\t\t\t\t\t<\/div>\n\t\t\t\t<div class=\"elementor-element elementor-element-c6588a2 elementor-absolute elementor-widget elementor-widget-image\" data-id=\"c6588a2\" data-element_type=\"widget\" data-e-type=\"widget\" data-settings=\"{&quot;_position&quot;:&quot;absolute&quot;}\" data-widget_type=\"image.default\">\n\t\t\t\t\t\t\t\t\t\t\t\t\t\t\t<img loading=\"lazy\" decoding=\"async\" width=\"89\" height=\"90\" src=\"https:\/\/proyectovero.incliva.es\/wp-content\/uploads\/2026\/05\/unamicrobiota-copia.webp\" class=\"attachment-full size-full wp-image-260\" alt=\"\" \/>\t\t\t\t\t\t\t\t\t\t\t\t\t\t\t<\/div>\n\t\t\t\t<div class=\"elementor-element elementor-element-a556171 elementor-absolute elementor-widget elementor-widget-image\" data-id=\"a556171\" data-element_type=\"widget\" data-e-type=\"widget\" data-settings=\"{&quot;_position&quot;:&quot;absolute&quot;}\" data-widget_type=\"image.default\">\n\t\t\t\t\t\t\t\t\t\t\t\t\t\t\t<img loading=\"lazy\" decoding=\"async\" width=\"89\" height=\"90\" src=\"https:\/\/proyectovero.incliva.es\/wp-content\/uploads\/2026\/05\/unamicrobiota-copia.webp\" class=\"attachment-full size-full wp-image-260\" alt=\"\" \/>\t\t\t\t\t\t\t\t\t\t\t\t\t\t\t<\/div>\n\t\t\t\t<div class=\"elementor-element elementor-element-738649b elementor-absolute elementor-widget elementor-widget-image\" data-id=\"738649b\" data-element_type=\"widget\" data-e-type=\"widget\" data-settings=\"{&quot;_position&quot;:&quot;absolute&quot;}\" data-widget_type=\"image.default\">\n\t\t\t\t\t\t\t\t\t\t\t\t\t\t\t<img loading=\"lazy\" decoding=\"async\" width=\"89\" height=\"90\" src=\"https:\/\/proyectovero.incliva.es\/wp-content\/uploads\/2026\/05\/unamicrobiota-copia.webp\" class=\"attachment-full size-full wp-image-260\" alt=\"\" \/>\t\t\t\t\t\t\t\t\t\t\t\t\t\t\t<\/div>\n\t\t\t\t<\/div>\n\t\t\t\t\t<\/div>\n\t\t\t\t<\/div>\n\t\t<div class=\"elementor-element elementor-element-40a975f e-flex e-con-boxed e-con e-parent\" data-id=\"40a975f\" data-element_type=\"container\" data-e-type=\"container\" data-settings=\"{&quot;background_background&quot;:&quot;classic&quot;}\">\n\t\t\t\t\t<div class=\"e-con-inner\">\n\t\t\t\t<div class=\"elementor-element elementor-element-d8c81d6 elementor-widget elementor-widget-heading\" data-id=\"d8c81d6\" data-element_type=\"widget\" data-e-type=\"widget\" data-widget_type=\"heading.default\">\n\t\t\t\t\t<h2 class=\"elementor-heading-title elementor-size-default\">Agradecimientos<\/h2>\t\t\t\t<\/div>\n\t\t\t\t<div class=\"elementor-element elementor-element-00aae5a elementor-widget elementor-widget-text-editor\" data-id=\"00aae5a\" data-element_type=\"widget\" data-e-type=\"widget\" data-widget_type=\"text-editor.default\">\n\t\t\t\t\t\t\t\t\t<p>A todas las personas, instituciones y centros hospitalarios que participan activamente en VERO y que hacen posible avanzar en una enfermedad que afecta cada vez a personas m\u00e1s j\u00f3venes.<br \/><br \/>Para colaborar puedes hacerlo atrav\u00e9s de los canales de INCLIVA en XXXX<\/p>\t\t\t\t\t\t\t\t<\/div>\n\t\t\t\t\t<\/div>\n\t\t\t\t<\/div>\n\t\t\t\t<\/div>\n\t\t","protected":false},"excerpt":{"rendered":"<p>Investigaci\u00f3n Oncol\u00f3gica Avanzada El c\u00e1ncer g\u00e1strico se origina en el revestimiento del est\u00f3mago y es la quinta causa de muerte por c\u00e1ncer en el mundo. Aunque su incidencia global ha disminuido, en personas menores de 50 a\u00f1os est\u00e1 aumentando en ciertos pa\u00edses, y uno de los objetivos de esta propuesta es entender c\u00f3mo es esa [&hellip;]<\/p>\n","protected":false},"author":2,"featured_media":0,"parent":0,"menu_order":0,"comment_status":"closed","ping_status":"closed","template":"elementor_header_footer","meta":{"footnotes":""},"class_list":["post-22","page","type-page","status-publish","hentry"],"_links":{"self":[{"href":"https:\/\/proyectovero.incliva.es\/index.php?rest_route=\/wp\/v2\/pages\/22","targetHints":{"allow":["GET"]}}],"collection":[{"href":"https:\/\/proyectovero.incliva.es\/index.php?rest_route=\/wp\/v2\/pages"}],"about":[{"href":"https:\/\/proyectovero.incliva.es\/index.php?rest_route=\/wp\/v2\/types\/page"}],"author":[{"embeddable":true,"href":"https:\/\/proyectovero.incliva.es\/index.php?rest_route=\/wp\/v2\/users\/2"}],"replies":[{"embeddable":true,"href":"https:\/\/proyectovero.incliva.es\/index.php?rest_route=%2Fwp%2Fv2%2Fcomments&post=22"}],"version-history":[{"count":13,"href":"https:\/\/proyectovero.incliva.es\/index.php?rest_route=\/wp\/v2\/pages\/22\/revisions"}],"predecessor-version":[{"id":281,"href":"https:\/\/proyectovero.incliva.es\/index.php?rest_route=\/wp\/v2\/pages\/22\/revisions\/281"}],"wp:attachment":[{"href":"https:\/\/proyectovero.incliva.es\/index.php?rest_route=%2Fwp%2Fv2%2Fmedia&parent=22"}],"curies":[{"name":"wp","href":"https:\/\/api.w.org\/{rel}","templated":true}]}}