{"id":19,"date":"2026-05-04T09:35:13","date_gmt":"2026-05-04T09:35:13","guid":{"rendered":"https:\/\/proyectovero.incliva.es\/?page_id=19"},"modified":"2026-05-05T09:43:16","modified_gmt":"2026-05-05T09:43:16","slug":"proyecto-vero","status":"publish","type":"page","link":"https:\/\/proyectovero.incliva.es\/?page_id=19","title":{"rendered":"Proyecto Vero"},"content":{"rendered":"\t\t<div data-elementor-type=\"wp-page\" data-elementor-id=\"19\" class=\"elementor elementor-19\" data-elementor-post-type=\"page\">\n\t\t\t\t<div class=\"elementor-element elementor-element-27dfea7 e-flex e-con-boxed e-con e-parent\" data-id=\"27dfea7\" data-element_type=\"container\" data-e-type=\"container\" data-settings=\"{&quot;background_background&quot;:&quot;classic&quot;}\">\n\t\t\t\t\t<div class=\"e-con-inner\">\n\t\t\t\t\t\t\t<h2 \n\t\tdata-interaction-id=\"5e4712f\" \n\t\tclass=\"heading-black e-5e4712f-8acc50e e-heading-base\" \n\t\t \n\t\tdata-e-type=\"widget\" data-id=\"5e4712f\"\n\t>\n\t\n\t\t\tInvestigaci\u00f3n Oncol\u00f3gica Avanzada\n\t\t<\/h2>\n\t\t\t\t\t\t\t<h2 \n\t\tdata-interaction-id=\"00503f8\" \n\t\tclass=\"hero-h1 e-heading-base\" \n\t\t \n\t\tdata-e-type=\"widget\" data-id=\"00503f8\"\n\t>\n\t\n\t\t\tProyecto VERO\n\t\t<\/h2>\n\t\t\t\t\t\t\t\t<p class=\"paragraph e-5846ff5-c7e6a49 e-paragraph-base\" data-interaction-id=\"5846ff5\"  data-e-type=\"widget\" data-id=\"5846ff5\">\n\t\t\t\t\t\t\t\tEl Proyecto VERO (Valor Pron\u00f3stico y redictivo del Microambiente del C\u00e1ncer G\u00e1strico en Personas J\u00f3venes) es un proyecto de  Investigaci\u00f3n cl\u00ednica y traslacional que estudia el c\u00e1ncer g\u00e1strico en menores de 50 a\u00f1os, un grupo en el que la incidencia est\u00e1 aumentando y cuyas caracter\u00edsticas parecen diferentes a las de la poblaci\u00f3n de mayor edad.\n\t\t\t\t\t<\/p>\n\t\t\t\t\t<\/div>\n\t\t\t\t<\/div>\n\t\t<div class=\"elementor-element elementor-element-ed25865 e-flex e-con-boxed e-con e-parent\" data-id=\"ed25865\" data-element_type=\"container\" data-e-type=\"container\">\n\t\t\t\t\t<div class=\"e-con-inner\">\n\t\t\t\t<div class=\"elementor-element elementor-element-9383dfe animated-fast elementor-invisible elementor-widget elementor-widget-image\" data-id=\"9383dfe\" data-element_type=\"widget\" data-e-type=\"widget\" data-settings=\"{&quot;motion_fx_motion_fx_scrolling&quot;:&quot;yes&quot;,&quot;motion_fx_translateY_effect&quot;:&quot;yes&quot;,&quot;motion_fx_translateY_direction&quot;:&quot;negative&quot;,&quot;motion_fx_translateY_speed&quot;:{&quot;unit&quot;:&quot;px&quot;,&quot;size&quot;:2,&quot;sizes&quot;:[]},&quot;_animation&quot;:&quot;fadeInLeft&quot;,&quot;motion_fx_translateY_affectedRange&quot;:{&quot;unit&quot;:&quot;%&quot;,&quot;size&quot;:&quot;&quot;,&quot;sizes&quot;:{&quot;start&quot;:0,&quot;end&quot;:100}},&quot;motion_fx_devices&quot;:[&quot;desktop&quot;,&quot;tablet&quot;,&quot;mobile&quot;]}\" data-widget_type=\"image.default\">\n\t\t\t\t\t\t\t\t\t\t\t\t\t\t\t<img fetchpriority=\"high\" decoding=\"async\" width=\"504\" height=\"527\" src=\"https:\/\/proyectovero.incliva.es\/wp-content\/uploads\/2026\/05\/Recurso-1@3x-1-e1777964974258.webp\" class=\"attachment-full size-full wp-image-116\" alt=\"\" srcset=\"https:\/\/proyectovero.incliva.es\/wp-content\/uploads\/2026\/05\/Recurso-1@3x-1-e1777964974258.webp 504w, https:\/\/proyectovero.incliva.es\/wp-content\/uploads\/2026\/05\/Recurso-1@3x-1-e1777964974258-287x300.webp 287w\" sizes=\"(max-width: 504px) 100vw, 504px\" \/>\t\t\t\t\t\t\t\t\t\t\t\t\t\t\t<\/div>\n\t\t\t\t<div class=\"elementor-element elementor-element-1c852e0 elementor-widget__width-initial elementor-widget elementor-widget-text-editor\" data-id=\"1c852e0\" data-element_type=\"widget\" data-e-type=\"widget\" data-widget_type=\"text-editor.default\">\n\t\t\t\t\t\t\t\t\t<p><strong>El proyecto aborda:<br \/><\/strong><br \/>Las caracter\u00edsticas cl\u00ednicas y patol\u00f3gicas de estos tumores.<br \/>El microambiente inmune que rodea al c\u00e1ncer.<br \/>El microbioma presente en saliva, heces y tejido g\u00e1strico.<br \/>Factores epidemiol\u00f3gicos como estilo de vida, enfermedades autoinmunes o antecedentes.<br \/>La comparaci\u00f3n con pacientes mayores de 50 a\u00f1os para entender qu\u00e9 cambia y por qu\u00e9.<br \/><br \/>VERO incluye cohortes retrospectivas y prospectivas, y combina t\u00e9cnicas avanzadas como inmunohistoqu\u00edmica, transcript\u00f3mica y secuenciaci\u00f3n del microbioma.<\/p>\t\t\t\t\t\t\t\t<\/div>\n\t\t\t\t\t<\/div>\n\t\t\t\t<\/div>\n\t\t<div class=\"elementor-element elementor-element-42f43f7 e-flex e-con-boxed e-con e-parent\" data-id=\"42f43f7\" data-element_type=\"container\" data-e-type=\"container\">\n\t\t\t\t\t<div class=\"e-con-inner\">\n\t\t\t\t\t\t\t<h2 \n\t\tdata-interaction-id=\"e4888f7\" \n\t\tclass=\"hero-h1 e-heading-base\" \n\t\t \n\t\tdata-e-type=\"widget\" data-id=\"e4888f7\"\n\t>\n\t\n\t\t\t\u00bfPor qu\u00e9 es necesario?\n\t\t<\/h2>\n\t\t<div class=\"elementor-element elementor-element-7d0164b e-grid e-con-full e-con e-child\" data-id=\"7d0164b\" data-element_type=\"container\" data-e-type=\"container\">\n\t\t\t\t<div class=\"elementor-element elementor-element-0923cc9 elementor-position-top elementor-widget elementor-widget-image-box\" data-id=\"0923cc9\" data-element_type=\"widget\" data-e-type=\"widget\" data-widget_type=\"image-box.default\">\n\t\t\t\t\t<div class=\"elementor-image-box-wrapper\"><figure class=\"elementor-image-box-img\"><img decoding=\"async\" width=\"413\" height=\"276\" src=\"https:\/\/proyectovero.incliva.es\/wp-content\/uploads\/2026\/05\/Recurso-2@3x.webp\" class=\"attachment-full size-full wp-image-131\" alt=\"\" srcset=\"https:\/\/proyectovero.incliva.es\/wp-content\/uploads\/2026\/05\/Recurso-2@3x.webp 413w, https:\/\/proyectovero.incliva.es\/wp-content\/uploads\/2026\/05\/Recurso-2@3x-300x200.webp 300w\" sizes=\"(max-width: 413px) 100vw, 413px\" \/><\/figure><div class=\"elementor-image-box-content\"><p class=\"elementor-image-box-description\">El c\u00e1ncer g\u00e1strico en j\u00f3venes est\u00e1 aumentando y no se conocen sus causas.<\/p><\/div><\/div>\t\t\t\t<\/div>\n\t\t\t\t<div class=\"elementor-element elementor-element-6505460 elementor-position-top elementor-widget elementor-widget-image-box\" data-id=\"6505460\" data-element_type=\"widget\" data-e-type=\"widget\" data-widget_type=\"image-box.default\">\n\t\t\t\t\t<div class=\"elementor-image-box-wrapper\"><figure class=\"elementor-image-box-img\"><img decoding=\"async\" width=\"585\" height=\"391\" src=\"https:\/\/proyectovero.incliva.es\/wp-content\/uploads\/2026\/05\/Recurso-3@3x-1.webp\" class=\"attachment-full size-full wp-image-132\" alt=\"\" srcset=\"https:\/\/proyectovero.incliva.es\/wp-content\/uploads\/2026\/05\/Recurso-3@3x-1.webp 585w, https:\/\/proyectovero.incliva.es\/wp-content\/uploads\/2026\/05\/Recurso-3@3x-1-300x201.webp 300w\" sizes=\"(max-width: 585px) 100vw, 585px\" \/><\/figure><div class=\"elementor-image-box-content\"><p class=\"elementor-image-box-description\">Su comportamiento suele ser m\u00e1s agresivo y su pron\u00f3stico peor.<\/p><\/div><\/div>\t\t\t\t<\/div>\n\t\t\t\t<div class=\"elementor-element elementor-element-9e0d455 elementor-position-top elementor-widget elementor-widget-image-box\" data-id=\"9e0d455\" data-element_type=\"widget\" data-e-type=\"widget\" data-widget_type=\"image-box.default\">\n\t\t\t\t\t<div class=\"elementor-image-box-wrapper\"><figure class=\"elementor-image-box-img\"><img loading=\"lazy\" decoding=\"async\" width=\"491\" height=\"327\" src=\"https:\/\/proyectovero.incliva.es\/wp-content\/uploads\/2026\/05\/Recurso-4@3x-1.webp\" class=\"attachment-full size-full wp-image-133\" alt=\"\" srcset=\"https:\/\/proyectovero.incliva.es\/wp-content\/uploads\/2026\/05\/Recurso-4@3x-1.webp 491w, https:\/\/proyectovero.incliva.es\/wp-content\/uploads\/2026\/05\/Recurso-4@3x-1-300x200.webp 300w\" sizes=\"(max-width: 491px) 100vw, 491px\" \/><\/figure><div class=\"elementor-image-box-content\"><p class=\"elementor-image-box-description\">No existen biomarcadores que predigan bien la respuesta a los tratamientos actuales.<\/p><\/div><\/div>\t\t\t\t<\/div>\n\t\t\t\t<div class=\"elementor-element elementor-element-c28ab00 elementor-position-top elementor-widget elementor-widget-image-box\" data-id=\"c28ab00\" data-element_type=\"widget\" data-e-type=\"widget\" data-widget_type=\"image-box.default\">\n\t\t\t\t\t<div class=\"elementor-image-box-wrapper\"><figure class=\"elementor-image-box-img\"><img loading=\"lazy\" decoding=\"async\" width=\"398\" height=\"240\" src=\"https:\/\/proyectovero.incliva.es\/wp-content\/uploads\/2026\/05\/Recurso-5@3x.webp\" class=\"attachment-full size-full wp-image-134\" alt=\"\" srcset=\"https:\/\/proyectovero.incliva.es\/wp-content\/uploads\/2026\/05\/Recurso-5@3x.webp 398w, https:\/\/proyectovero.incliva.es\/wp-content\/uploads\/2026\/05\/Recurso-5@3x-300x181.webp 300w\" sizes=\"(max-width: 398px) 100vw, 398px\" \/><\/figure><div class=\"elementor-image-box-content\"><p class=\"elementor-image-box-description\">La microbiota y el sistema inmune podr\u00edan jugar un papel clave, pero nunca se han estudiado juntos de forma integral en este grupo de edad.<\/p><\/div><\/div>\t\t\t\t<\/div>\n\t\t\t\t<\/div>\n\t\t\t\t\t<\/div>\n\t\t\t\t<\/div>\n\t\t<div class=\"elementor-element elementor-element-2411bb3 e-flex e-con-boxed e-con e-parent\" data-id=\"2411bb3\" data-element_type=\"container\" data-e-type=\"container\" data-settings=\"{&quot;background_background&quot;:&quot;classic&quot;}\">\n\t\t\t\t\t<div class=\"e-con-inner\">\n\t\t\t\t<div class=\"elementor-element elementor-element-1fb2c31 e-con e-atomic-element e-div-block-base\" data-id=\"1fb2c31\" data-element_type=\"e-div-block\" data-e-type=\"e-div-block\" data-interaction-id=\"1fb2c31\" data-e-type=\"e-div-block\" data-id=\"1fb2c31\">\n\t\t\t\t\t\t\t<h2 \n\t\tdata-interaction-id=\"f62d88b\" \n\t\tclass=\"hero-h1 e-heading-base\" \n\t\t \n\t\tdata-e-type=\"widget\" data-id=\"f62d88b\"\n\t>\n\t\n\t\t\tObjetivo principal\n\t\t<\/h2>\n\t\t\t\t<div class=\"elementor-element elementor-element-870ca72 elementor-widget elementor-widget-text-editor\" data-id=\"870ca72\" data-element_type=\"widget\" data-e-type=\"widget\" data-widget_type=\"text-editor.default\">\n\t\t\t\t\t\t\t\t\t<p>Mejorar el conocimiento del c\u00e1ncer g\u00e1strico en poblaci\u00f3n joven para desarrollar herramientas que permitan:<\/p><ul><li>diagnosticar antes<\/li><li>personalizar tratamientos<\/li><li>mejorar la supervivencia y calidad de vida<\/li><\/ul>\t\t\t\t\t\t\t\t<\/div>\n\t\t\t\t<\/div>\n\t\t\t\t<div class=\"elementor-element elementor-element-b682ff0 e-con e-atomic-element e-div-block-base\" data-id=\"b682ff0\" data-element_type=\"e-div-block\" data-e-type=\"e-div-block\" data-interaction-id=\"b682ff0\" data-e-type=\"e-div-block\" data-id=\"b682ff0\">\n\t\t\t\t<div class=\"elementor-element elementor-element-769491f elementor-widget elementor-widget-image\" data-id=\"769491f\" data-element_type=\"widget\" data-e-type=\"widget\" data-widget_type=\"image.default\">\n\t\t\t\t\t\t\t\t\t\t\t\t\t\t\t<img loading=\"lazy\" decoding=\"async\" width=\"800\" height=\"149\" src=\"https:\/\/proyectovero.incliva.es\/wp-content\/uploads\/2026\/05\/Recurso-9@3x-e1777972306236.webp\" class=\"attachment-large size-large wp-image-179\" alt=\"\" srcset=\"https:\/\/proyectovero.incliva.es\/wp-content\/uploads\/2026\/05\/Recurso-9@3x-e1777972306236.webp 881w, https:\/\/proyectovero.incliva.es\/wp-content\/uploads\/2026\/05\/Recurso-9@3x-e1777972306236-300x56.webp 300w, https:\/\/proyectovero.incliva.es\/wp-content\/uploads\/2026\/05\/Recurso-9@3x-e1777972306236-768x143.webp 768w\" sizes=\"(max-width: 800px) 100vw, 800px\" \/>\t\t\t\t\t\t\t\t\t\t\t\t\t\t\t<\/div>\n\t\t\t\t<div class=\"elementor-element elementor-element-1134507 elementor-widget elementor-widget-image\" data-id=\"1134507\" data-element_type=\"widget\" data-e-type=\"widget\" data-widget_type=\"image.default\">\n\t\t\t\t\t\t\t\t\t\t\t\t\t\t\t<img loading=\"lazy\" decoding=\"async\" width=\"800\" height=\"350\" src=\"https:\/\/proyectovero.incliva.es\/wp-content\/uploads\/2026\/05\/group-of-six-different-women-in-casuals-sitting-to-2026-01-08-06-42-00-utc-e1777972384364-1024x448.webp\" class=\"attachment-large size-large wp-image-177\" alt=\"\" srcset=\"https:\/\/proyectovero.incliva.es\/wp-content\/uploads\/2026\/05\/group-of-six-different-women-in-casuals-sitting-to-2026-01-08-06-42-00-utc-e1777972384364-1024x448.webp 1024w, https:\/\/proyectovero.incliva.es\/wp-content\/uploads\/2026\/05\/group-of-six-different-women-in-casuals-sitting-to-2026-01-08-06-42-00-utc-e1777972384364-300x131.webp 300w, https:\/\/proyectovero.incliva.es\/wp-content\/uploads\/2026\/05\/group-of-six-different-women-in-casuals-sitting-to-2026-01-08-06-42-00-utc-e1777972384364-768x336.webp 768w, https:\/\/proyectovero.incliva.es\/wp-content\/uploads\/2026\/05\/group-of-six-different-women-in-casuals-sitting-to-2026-01-08-06-42-00-utc-e1777972384364-1536x672.webp 1536w, https:\/\/proyectovero.incliva.es\/wp-content\/uploads\/2026\/05\/group-of-six-different-women-in-casuals-sitting-to-2026-01-08-06-42-00-utc-e1777972384364.webp 1896w\" sizes=\"(max-width: 800px) 100vw, 800px\" \/>\t\t\t\t\t\t\t\t\t\t\t\t\t\t\t<\/div>\n\t\t\t\t<\/div>\n\t\t\t\t\t<\/div>\n\t\t\t\t<\/div>\n\t\t\t\t<\/div>\n\t\t","protected":false},"excerpt":{"rendered":"<p>Investigaci\u00f3n Oncol\u00f3gica Avanzada Proyecto VERO El Proyecto VERO (Valor Pron\u00f3stico y redictivo del Microambiente del C\u00e1ncer G\u00e1strico en Personas J\u00f3venes) es un proyecto de Investigaci\u00f3n cl\u00ednica y traslacional que estudia el c\u00e1ncer g\u00e1strico en menores de 50 a\u00f1os, un grupo en el que la incidencia est\u00e1 aumentando y cuyas caracter\u00edsticas parecen diferentes a las de [&hellip;]<\/p>\n","protected":false},"author":2,"featured_media":0,"parent":0,"menu_order":0,"comment_status":"closed","ping_status":"closed","template":"elementor_header_footer","meta":{"footnotes":""},"class_list":["post-19","page","type-page","status-publish","hentry"],"_links":{"self":[{"href":"https:\/\/proyectovero.incliva.es\/index.php?rest_route=\/wp\/v2\/pages\/19","targetHints":{"allow":["GET"]}}],"collection":[{"href":"https:\/\/proyectovero.incliva.es\/index.php?rest_route=\/wp\/v2\/pages"}],"about":[{"href":"https:\/\/proyectovero.incliva.es\/index.php?rest_route=\/wp\/v2\/types\/page"}],"author":[{"embeddable":true,"href":"https:\/\/proyectovero.incliva.es\/index.php?rest_route=\/wp\/v2\/users\/2"}],"replies":[{"embeddable":true,"href":"https:\/\/proyectovero.incliva.es\/index.php?rest_route=%2Fwp%2Fv2%2Fcomments&post=19"}],"version-history":[{"count":73,"href":"https:\/\/proyectovero.incliva.es\/index.php?rest_route=\/wp\/v2\/pages\/19\/revisions"}],"predecessor-version":[{"id":222,"href":"https:\/\/proyectovero.incliva.es\/index.php?rest_route=\/wp\/v2\/pages\/19\/revisions\/222"}],"wp:attachment":[{"href":"https:\/\/proyectovero.incliva.es\/index.php?rest_route=%2Fwp%2Fv2%2Fmedia&parent=19"}],"curies":[{"name":"wp","href":"https:\/\/api.w.org\/{rel}","templated":true}]}}